{"id":95,"date":"2019-09-06T21:39:23","date_gmt":"2019-09-06T21:39:23","guid":{"rendered":"https:\/\/traveledex.com\/about-us\/"},"modified":"2019-10-25T12:50:11","modified_gmt":"2019-10-25T11:50:11","slug":"about-us","status":"publish","type":"page","link":"https:\/\/traveledex.com\/vi\/about-us\/","title":{"rendered":"V\u1ec1 ch\u00fang t\u00f4i"},"content":{"rendered":"\n<div class=\"wp-block-image\"><figure class=\"aligncenter\"><img loading=\"lazy\" decoding=\"async\" width=\"2560\" height=\"1707\" src=\"https:\/\/traveledex.com\/wp-content\/uploads\/2019\/09\/AdobeStock_283087050-scaled.jpeg\" alt=\"\" class=\"wp-image-96\" srcset=\"https:\/\/traveledex.com\/wp-content\/uploads\/2019\/09\/AdobeStock_283087050-scaled.jpeg 2560w, https:\/\/traveledex.com\/wp-content\/uploads\/2019\/09\/AdobeStock_283087050-600x400.jpeg 600w, https:\/\/traveledex.com\/wp-content\/uploads\/2019\/09\/AdobeStock_283087050-300x200.jpeg 300w, https:\/\/traveledex.com\/wp-content\/uploads\/2019\/09\/AdobeStock_283087050-768x512.jpeg 768w, https:\/\/traveledex.com\/wp-content\/uploads\/2019\/09\/AdobeStock_283087050-1024x683.jpeg 1024w, https:\/\/traveledex.com\/wp-content\/uploads\/2019\/09\/AdobeStock_283087050-465x310.jpeg 465w, https:\/\/traveledex.com\/wp-content\/uploads\/2019\/09\/AdobeStock_283087050-695x463.jpeg 695w\" sizes=\"auto, (max-width: 2560px) 100vw, 2560px\" \/><\/figure><\/div>\n\n<p>Traveledex is the trading name of Travel Education Experiences Ltd.<\/p>\n\n<p>Ch\u00fang t\u00f4i l\u00e0 chuy\u00ean gia trong l\u0129nh v\u1ef1c t\u01b0 v\u1ea5n du h\u1ecdc Anh cho du h\u1ecdc sinh qu\u1ed1c t\u1ebf. Vi\u1ec7c du h\u1ecdc Anh c\u00f3 th\u1ec3 b\u1eaft \u0111\u1ea7u ngay t\u1eeb c\u1ea5p trung h\u1ecdc ph\u1ed5 th\u00f4ng v\u00e0 chuy\u1ec3n ti\u1ebfp l\u00ean c\u00e1c b\u1eadc \u0111\u1ea1i h\u1ecdc v\u00e0 sau \u0111\u1ea1i h\u1ecdc. Du h\u1ecdc sinh \u0111\u1ebfn v\u1edbi ch\u00fang t\u00f4i s\u1ebd nh\u1eadn \u0111\u01b0\u1ee3c s\u1ef1 h\u1ed7 tr\u1ee3 t\u1eadn t\u00ecnh nh\u1ea5t \u0111\u1ec3 c\u00f3 m\u1ed9t qu\u00e1 tr\u00ecnh h\u1ecdc t\u1eadp hi\u1ec7u qu\u1ea3 t\u1ea1i Anh.<\/p>\n\n<p>Ngo\u00e0i ra ch\u00fang t\u00f4i c\u00f2n cung c\u1ea5p c\u00e1c d\u1ecbch v\u1ee5 du l\u1ecbch v\u00f4 v\u00f9ng \u0111\u1ed9c \u0111\u00e1o, t\u1eadp trung v\u00e0o c\u00e1c \u0111\u1ecba \u0111i\u1ec3m du v\u0103n ho\u00e1 v\u00e0 l\u1ecbch s\u1eed c\u1ee7a n\u01b0\u1edbc Anh. D\u0129 nhi\u00ean c\u00e1c d\u1ecbch v\u1ee5 c\u1ee7a ch\u00fang t\u00f4i c\u0169ng bao g\u1ed3m c\u00e1c th\u1eafng c\u1ea3nh n\u1ed5i ti\u1ebfng v\u00e0 ph\u1ed5 bi\u1ebfn kh\u00e1c t\u1ea1i \u0111\u1ea5t n\u01b0\u1edbc n\u00e0y. <\/p>\n\n<p>Finally, we also offer consultancy services to the education and travel sectors in the UK on a wide range of projects from the use of technology in teaching to attracting international students to particular destinations and attractions.<\/p>\n\n<p>\u0110\u1ed9i ng\u0169 t\u01b0 v\u1ea5n vi\u00ean c\u1ee7a ch\u00fang t\u00f4i \u0111\u1ec1u c\u00f3 nh\u1eefng kinh nghi\u1ec7m c\u00f9ng v\u1edbi c\u00e1c ch\u1ee9ng ch\u1ec9 ph\u00f9 h\u1ee3p, \u0111\u1ea3m b\u1ea3o c\u00f3 th\u1ec3 cung c\u1ea5p cho qu\u00fd kh\u00e1ch c\u00e1c d\u1ecbch v\u1ee5 m\u1ed9t c\u00e1ch chuy\u00ean nghi\u1ec7p nh\u1ea5t.<\/p>\n\n<div class=\"wp-block-image\"><figure class=\"aligncenter\"><img loading=\"lazy\" decoding=\"async\" width=\"1024\" height=\"768\" src=\"https:\/\/traveledex.com\/wp-content\/uploads\/2019\/09\/Books-1024x768.jpg\" alt=\"\" class=\"wp-image-419\" srcset=\"https:\/\/traveledex.com\/wp-content\/uploads\/2019\/09\/Books-1024x768.jpg 1024w, https:\/\/traveledex.com\/wp-content\/uploads\/2019\/09\/Books-600x450.jpg 600w, https:\/\/traveledex.com\/wp-content\/uploads\/2019\/09\/Books-300x225.jpg 300w, https:\/\/traveledex.com\/wp-content\/uploads\/2019\/09\/Books-768x576.jpg 768w, https:\/\/traveledex.com\/wp-content\/uploads\/2019\/09\/Books-465x349.jpg 465w, https:\/\/traveledex.com\/wp-content\/uploads\/2019\/09\/Books-667x500.jpg 667w\" sizes=\"auto, (max-width: 1024px) 100vw, 1024px\" \/><\/figure><\/div>\n","protected":false},"excerpt":{"rendered":"<p>Traveledex is the trading name of Travel Education Experiences Ltd. Ch\u00fang t\u00f4i l\u00e0 chuy\u00ean gia trong l\u0129nh v\u1ef1c t\u01b0 v\u1ea5n du h\u1ecdc Anh cho du h\u1ecdc sinh qu\u1ed1c t\u1ebf. Vi\u1ec7c du h\u1ecdc Anh c\u00f3 th\u1ec3 b\u1eaft \u0111\u1ea7u ngay t\u1eeb c\u1ea5p trung h\u1ecdc ph\u1ed5 th\u00f4ng v\u00e0 chuy\u1ec3n ti\u1ebfp l\u00ean c\u00e1c b\u1eadc<span class=\"more-link\"><a href=\"https:\/\/traveledex.com\/vi\/about-us\/\">Read More &rarr;<\/a><\/span><\/p>\n","protected":false},"author":12,"featured_media":0,"parent":0,"menu_order":0,"comment_status":"closed","ping_status":"closed","template":"","meta":{"content-type":"","_monsterinsights_skip_tracking":false,"_monsterinsights_sitenote_active":false,"_monsterinsights_sitenote_note":"","_monsterinsights_sitenote_category":0,"footnotes":""},"class_list":["entry","author-adt3xl0g","post-95","page","type-page","status-publish"],"yoast_head":"<!-- This site is optimized with the Yoast SEO plugin v20.11 - https:\/\/yoast.com\/wordpress\/plugins\/seo\/ -->\n<title>V\u1ec1 ch\u00fang t\u00f4i - Traveledex<\/title>\n<meta name=\"robots\" content=\"index, follow, max-snippet:-1, max-image-preview:large, max-video-preview:-1\" \/>\n<link rel=\"canonical\" href=\"https:\/\/traveledex.com\/vi\/about-us\/\" \/>\n<meta property=\"og:locale\" content=\"vi_VN\" \/>\n<meta property=\"og:type\" content=\"article\" \/>\n<meta property=\"og:title\" content=\"V\u1ec1 ch\u00fang t\u00f4i - Traveledex\" \/>\n<meta property=\"og:description\" content=\"Traveledex is the trading name of Travel Education Experiences Ltd. Ch\u00fang t\u00f4i l\u00e0 chuy\u00ean gia trong l\u0129nh v\u1ef1c t\u01b0 v\u1ea5n du h\u1ecdc Anh cho du h\u1ecdc sinh qu\u1ed1c t\u1ebf. Vi\u1ec7c du h\u1ecdc Anh c\u00f3 th\u1ec3 b\u1eaft \u0111\u1ea7u ngay t\u1eeb c\u1ea5p trung h\u1ecdc ph\u1ed5 th\u00f4ng v\u00e0 chuy\u1ec3n ti\u1ebfp l\u00ean c\u00e1c b\u1eadcRead More &rarr;\" \/>\n<meta property=\"og:url\" content=\"https:\/\/traveledex.com\/vi\/about-us\/\" \/>\n<meta property=\"og:site_name\" content=\"Traveledex\" \/>\n<meta property=\"article:publisher\" content=\"https:\/\/www.facebook.com\/traveledex\" \/>\n<meta property=\"article:modified_time\" content=\"2019-10-25T11:50:11+00:00\" \/>\n<meta property=\"og:image\" content=\"https:\/\/traveledex.com\/wp-content\/uploads\/2019\/09\/AdobeStock_283087050-scaled.jpeg\" \/>\n<meta name=\"twitter:card\" content=\"summary_large_image\" \/>\n<meta name=\"twitter:label1\" content=\"Est. reading time\" \/>\n\t<meta name=\"twitter:data1\" content=\"2 minutes\" \/>\n<script type=\"application\/ld+json\" class=\"yoast-schema-graph\">{\"@context\":\"https:\/\/schema.org\",\"@graph\":[{\"@type\":\"WebPage\",\"@id\":\"https:\/\/traveledex.com\/vi\/about-us\/\",\"url\":\"https:\/\/traveledex.com\/vi\/about-us\/\",\"name\":\"V\u1ec1 ch\u00fang t\u00f4i - Traveledex\",\"isPartOf\":{\"@id\":\"https:\/\/traveledex.com\/#website\"},\"datePublished\":\"2019-09-06T21:39:23+00:00\",\"dateModified\":\"2019-10-25T11:50:11+00:00\",\"breadcrumb\":{\"@id\":\"https:\/\/traveledex.com\/vi\/about-us\/#breadcrumb\"},\"inLanguage\":\"vi-VN\",\"potentialAction\":[{\"@type\":\"ReadAction\",\"target\":[\"https:\/\/traveledex.com\/vi\/about-us\/\"]}]},{\"@type\":\"BreadcrumbList\",\"@id\":\"https:\/\/traveledex.com\/vi\/about-us\/#breadcrumb\",\"itemListElement\":[{\"@type\":\"ListItem\",\"position\":1,\"name\":\"Home\",\"item\":\"https:\/\/traveledex.com\/\"},{\"@type\":\"ListItem\",\"position\":2,\"name\":\"V\u1ec1 ch\u00fang t\u00f4i\"}]},{\"@type\":\"WebSite\",\"@id\":\"https:\/\/traveledex.com\/#website\",\"url\":\"https:\/\/traveledex.com\/\",\"name\":\"Traveledex\",\"description\":\"\",\"publisher\":{\"@id\":\"https:\/\/traveledex.com\/#organization\"},\"potentialAction\":[{\"@type\":\"SearchAction\",\"target\":{\"@type\":\"EntryPoint\",\"urlTemplate\":\"https:\/\/traveledex.com\/?s={search_term_string}\"},\"query-input\":\"required name=search_term_string\"}],\"inLanguage\":\"vi-VN\"},{\"@type\":\"Organization\",\"@id\":\"https:\/\/traveledex.com\/#organization\",\"name\":\"Traveledex\",\"url\":\"https:\/\/traveledex.com\/\",\"logo\":{\"@type\":\"ImageObject\",\"inLanguage\":\"vi-VN\",\"@id\":\"https:\/\/traveledex.com\/#\/schema\/logo\/image\/\",\"url\":\"https:\/\/traveledex.com\/wp-content\/uploads\/2021\/10\/cropped-TlogoTag-ai.jpg\",\"contentUrl\":\"https:\/\/traveledex.com\/wp-content\/uploads\/2021\/10\/cropped-TlogoTag-ai.jpg\",\"width\":870,\"height\":291,\"caption\":\"Traveledex\"},\"image\":{\"@id\":\"https:\/\/traveledex.com\/#\/schema\/logo\/image\/\"},\"sameAs\":[\"https:\/\/www.facebook.com\/traveledex\",\"https:\/\/www.instagram.com\/traveledex\/\"]}]}<\/script>\n<!-- \/ Yoast SEO plugin. -->","yoast_head_json":{"title":"V\u1ec1 ch\u00fang t\u00f4i - Traveledex","robots":{"index":"index","follow":"follow","max-snippet":"max-snippet:-1","max-image-preview":"max-image-preview:large","max-video-preview":"max-video-preview:-1"},"canonical":"https:\/\/traveledex.com\/vi\/about-us\/","og_locale":"vi_VN","og_type":"article","og_title":"V\u1ec1 ch\u00fang t\u00f4i - Traveledex","og_description":"Traveledex is the trading name of Travel Education Experiences Ltd. Ch\u00fang t\u00f4i l\u00e0 chuy\u00ean gia trong l\u0129nh v\u1ef1c t\u01b0 v\u1ea5n du h\u1ecdc Anh cho du h\u1ecdc sinh qu\u1ed1c t\u1ebf. Vi\u1ec7c du h\u1ecdc Anh c\u00f3 th\u1ec3 b\u1eaft \u0111\u1ea7u ngay t\u1eeb c\u1ea5p trung h\u1ecdc ph\u1ed5 th\u00f4ng v\u00e0 chuy\u1ec3n ti\u1ebfp l\u00ean c\u00e1c b\u1eadcRead More &rarr;","og_url":"https:\/\/traveledex.com\/vi\/about-us\/","og_site_name":"Traveledex","article_publisher":"https:\/\/www.facebook.com\/traveledex","article_modified_time":"2019-10-25T11:50:11+00:00","og_image":[{"url":"https:\/\/traveledex.com\/wp-content\/uploads\/2019\/09\/AdobeStock_283087050-scaled.jpeg"}],"twitter_card":"summary_large_image","twitter_misc":{"Est. reading time":"2 minutes"},"schema":{"@context":"https:\/\/schema.org","@graph":[{"@type":"WebPage","@id":"https:\/\/traveledex.com\/vi\/about-us\/","url":"https:\/\/traveledex.com\/vi\/about-us\/","name":"V\u1ec1 ch\u00fang t\u00f4i - Traveledex","isPartOf":{"@id":"https:\/\/traveledex.com\/#website"},"datePublished":"2019-09-06T21:39:23+00:00","dateModified":"2019-10-25T11:50:11+00:00","breadcrumb":{"@id":"https:\/\/traveledex.com\/vi\/about-us\/#breadcrumb"},"inLanguage":"vi-VN","potentialAction":[{"@type":"ReadAction","target":["https:\/\/traveledex.com\/vi\/about-us\/"]}]},{"@type":"BreadcrumbList","@id":"https:\/\/traveledex.com\/vi\/about-us\/#breadcrumb","itemListElement":[{"@type":"ListItem","position":1,"name":"Home","item":"https:\/\/traveledex.com\/"},{"@type":"ListItem","position":2,"name":"V\u1ec1 ch\u00fang t\u00f4i"}]},{"@type":"WebSite","@id":"https:\/\/traveledex.com\/#website","url":"https:\/\/traveledex.com\/","name":"Traveledex","description":"","publisher":{"@id":"https:\/\/traveledex.com\/#organization"},"potentialAction":[{"@type":"SearchAction","target":{"@type":"EntryPoint","urlTemplate":"https:\/\/traveledex.com\/?s={search_term_string}"},"query-input":"required name=search_term_string"}],"inLanguage":"vi-VN"},{"@type":"Organization","@id":"https:\/\/traveledex.com\/#organization","name":"Traveledex","url":"https:\/\/traveledex.com\/","logo":{"@type":"ImageObject","inLanguage":"vi-VN","@id":"https:\/\/traveledex.com\/#\/schema\/logo\/image\/","url":"https:\/\/traveledex.com\/wp-content\/uploads\/2021\/10\/cropped-TlogoTag-ai.jpg","contentUrl":"https:\/\/traveledex.com\/wp-content\/uploads\/2021\/10\/cropped-TlogoTag-ai.jpg","width":870,"height":291,"caption":"Traveledex"},"image":{"@id":"https:\/\/traveledex.com\/#\/schema\/logo\/image\/"},"sameAs":["https:\/\/www.facebook.com\/traveledex","https:\/\/www.instagram.com\/traveledex\/"]}]}},"jetpack_sharing_enabled":true,"_links":{"self":[{"href":"https:\/\/traveledex.com\/vi\/wp-json\/wp\/v2\/pages\/95","targetHints":{"allow":["GET"]}}],"collection":[{"href":"https:\/\/traveledex.com\/vi\/wp-json\/wp\/v2\/pages"}],"about":[{"href":"https:\/\/traveledex.com\/vi\/wp-json\/wp\/v2\/types\/page"}],"author":[{"embeddable":true,"href":"https:\/\/traveledex.com\/vi\/wp-json\/wp\/v2\/users\/12"}],"replies":[{"embeddable":true,"href":"https:\/\/traveledex.com\/vi\/wp-json\/wp\/v2\/comments?post=95"}],"version-history":[{"count":4,"href":"https:\/\/traveledex.com\/vi\/wp-json\/wp\/v2\/pages\/95\/revisions"}],"predecessor-version":[{"id":1408,"href":"https:\/\/traveledex.com\/vi\/wp-json\/wp\/v2\/pages\/95\/revisions\/1408"}],"wp:attachment":[{"href":"https:\/\/traveledex.com\/vi\/wp-json\/wp\/v2\/media?parent=95"}],"curies":[{"name":"wp","href":"https:\/\/api.w.org\/{rel}","templated":true}]}}