{"id":483,"date":"2019-10-04T15:10:10","date_gmt":"2019-10-04T14:10:10","guid":{"rendered":"https:\/\/traveledex.com\/?page_id=483"},"modified":"2019-10-25T12:53:21","modified_gmt":"2019-10-25T11:53:21","slug":"our-professional-approach","status":"publish","type":"page","link":"https:\/\/traveledex.com\/vi\/about-us\/our-professional-approach\/","title":{"rendered":"Ch\u00ednh s\u00e1ch v\u1eadn h\u00e0nh chuy\u00ean nghi\u1ec7p"},"content":{"rendered":"\n<figure class=\"wp-block-image\"><img loading=\"lazy\" decoding=\"async\" width=\"1024\" height=\"683\" src=\"https:\/\/traveledex.com\/wp-content\/uploads\/2019\/10\/IMG_2144-1894-1024x683.jpg\" alt=\"\" class=\"wp-image-455\" srcset=\"https:\/\/traveledex.com\/wp-content\/uploads\/2019\/10\/IMG_2144-1894-1024x683.jpg 1024w, https:\/\/traveledex.com\/wp-content\/uploads\/2019\/10\/IMG_2144-1894-600x400.jpg 600w, https:\/\/traveledex.com\/wp-content\/uploads\/2019\/10\/IMG_2144-1894-300x200.jpg 300w, https:\/\/traveledex.com\/wp-content\/uploads\/2019\/10\/IMG_2144-1894-768x512.jpg 768w, https:\/\/traveledex.com\/wp-content\/uploads\/2019\/10\/IMG_2144-1894-465x310.jpg 465w, https:\/\/traveledex.com\/wp-content\/uploads\/2019\/10\/IMG_2144-1894-695x463.jpg 695w\" sizes=\"auto, (max-width: 1024px) 100vw, 1024px\" \/><figcaption>Group of friendly businesspeople in suits standing in line in office building<\/figcaption><\/figure>\n<p>T\u1ea1i Traveledex, ch\u00fang t\u00f4i ngh\u0129 r\u1eb1ng vi\u1ec7c ti\u1ebfp c\u1eadn v\u00e0 cung c\u1ea5p d\u1ecbch v\u1ee5 cho t\u1ea5t c\u1ea3 h\u1ecdc sinh v\u00e0 ph\u1ee5 huynh m\u1ed9t c\u00e1ch chuy\u00ean nghi\u1ec7p l\u00e0 \u0111i\u1ec1u r\u1ea5t quan tr\u1ecdng. \u0110\u00f3 l\u00e0 l\u00fd do t\u1ea1i sao t\u1ea5t c\u1ea3 ch\u00fang t\u00f4i \u0111\u1ec1u \u0111\u01b0\u1ee3c \u0111\u00e0o t\u1ea1o chuy\u00ean nghi\u1ec7p v\u1ec1 gi\u00e1o d\u1ee5c v\u00e0 ch\u00fang t\u00f4i lu\u00f4n c\u1eadp nh\u1eadt li\u00ean t\u1ee5c c\u00e1c th\u00f4ng tinh v\u00e0 ki\u1ebfn th\u1ee9c li\u00ean quan \u0111\u1ebfn l\u0129nh v\u1ef1c n\u00e0y.<\/p>\n\n<p>Ch\u00fang t\u00f4i tu\u00e2n th\u1ee7 nghi\u00eam ng\u1eb7t H\u01b0\u1edbng d\u1eabn c\u1ee7a H\u1ed9i \u0111\u1ed3ng Anh v\u1ec1 Ph\u01b0\u01a1ng Th\u1ee9c Ho\u1ea1t \u0110\u1ed9ng t\u1ed1t cho c\u00e1c \u0111\u1ea1i l\u00fd gi\u00e1o d\u1ee5c &#8211; b\u1ea1n c\u00f3 th\u1ec3 xem b\u1ea3n h\u01b0\u1edbng d\u1eab n\u00e0y b\u00ean d\u01b0\u1edbi.<\/p>\n\n<div class=\"wp-block-file\"><a href=\"https:\/\/traveledex.com\/wp-content\/uploads\/2019\/10\/guide-to-good-practice-for-education-agents.pdf\">British Council Guide to Good Practice for Education Agents<\/a><a href=\"https:\/\/traveledex.com\/wp-content\/uploads\/2019\/10\/guide-to-good-practice-for-education-agents.pdf\" class=\"wp-block-file__button\" download=\"\">Download<\/a><\/div>\n\n<p>\u0110i\u1ec1u n\u00e0y c\u00f3 ngh\u0129a l\u00e0 b\u1ea1n c\u00f3 th\u1ec3 tin t\u01b0\u1edfng v\u00e0o c\u00e1c d\u1ecbch v\u1ee5 v\u00e0 t\u01b0 v\u1ea5n m\u00e0 ch\u00fang t\u00f4i cung c\u1ea5p. Ch\u00fang t\u00f4i cung c\u1ea5p m\u1ed9t d\u1ecbch v\u1ee5 minh b\u1ea1ch v\u00e0 s\u1ebd lu\u00f4n cho b\u1ea1n bi\u1ebft c\u00e1c l\u1ef1a ch\u1ecdn c\u1ee7a m\u00ecnh tr\u01b0\u1edbc khi th\u1ef1c hi\u1ec7n b\u1ea5t k\u1ef3 kho\u1ea3n thanh to\u00e1n n\u00e0o.<\/p>\n\n<ul class=\"wp-block-gallery aligncenter columns-2 is-cropped wp-block-gallery-1 is-layout-flex wp-block-gallery-is-layout-flex\"><li class=\"blocks-gallery-item\"><figure><img loading=\"lazy\" decoding=\"async\" width=\"300\" height=\"200\" src=\"https:\/\/traveledex.com\/wp-content\/uploads\/2019\/10\/IMG_8427-169-300x200.jpg\" alt=\"\" data-id=\"484\" class=\"wp-image-484\" srcset=\"https:\/\/traveledex.com\/wp-content\/uploads\/2019\/10\/IMG_8427-169-300x200.jpg 300w, https:\/\/traveledex.com\/wp-content\/uploads\/2019\/10\/IMG_8427-169-600x400.jpg 600w, https:\/\/traveledex.com\/wp-content\/uploads\/2019\/10\/IMG_8427-169-768x512.jpg 768w, https:\/\/traveledex.com\/wp-content\/uploads\/2019\/10\/IMG_8427-169-1024x683.jpg 1024w, https:\/\/traveledex.com\/wp-content\/uploads\/2019\/10\/IMG_8427-169-465x310.jpg 465w, https:\/\/traveledex.com\/wp-content\/uploads\/2019\/10\/IMG_8427-169-695x463.jpg 695w\" sizes=\"auto, (max-width: 300px) 100vw, 300px\" \/><\/figure><\/li><li class=\"blocks-gallery-item\"><figure><img loading=\"lazy\" decoding=\"async\" width=\"1024\" height=\"683\" src=\"https:\/\/traveledex.com\/wp-content\/uploads\/2019\/10\/graphicstock-two-smiling-successful-young-businessmen-shaking-hands-on-business-meeting-in-office_SOBp8uQr2e-1024x683.jpg\" alt=\"\" data-id=\"521\" data-link=\"https:\/\/traveledex.com\/about-us\/our-professional-approach\/two-successful-businessmen-shaking-hands-on-business-meeting-in-office\/\" class=\"wp-image-521\" srcset=\"https:\/\/traveledex.com\/wp-content\/uploads\/2019\/10\/graphicstock-two-smiling-successful-young-businessmen-shaking-hands-on-business-meeting-in-office_SOBp8uQr2e-1024x683.jpg 1024w, https:\/\/traveledex.com\/wp-content\/uploads\/2019\/10\/graphicstock-two-smiling-successful-young-businessmen-shaking-hands-on-business-meeting-in-office_SOBp8uQr2e-600x400.jpg 600w, https:\/\/traveledex.com\/wp-content\/uploads\/2019\/10\/graphicstock-two-smiling-successful-young-businessmen-shaking-hands-on-business-meeting-in-office_SOBp8uQr2e-300x200.jpg 300w, https:\/\/traveledex.com\/wp-content\/uploads\/2019\/10\/graphicstock-two-smiling-successful-young-businessmen-shaking-hands-on-business-meeting-in-office_SOBp8uQr2e-768x512.jpg 768w, https:\/\/traveledex.com\/wp-content\/uploads\/2019\/10\/graphicstock-two-smiling-successful-young-businessmen-shaking-hands-on-business-meeting-in-office_SOBp8uQr2e-465x310.jpg 465w, https:\/\/traveledex.com\/wp-content\/uploads\/2019\/10\/graphicstock-two-smiling-successful-young-businessmen-shaking-hands-on-business-meeting-in-office_SOBp8uQr2e-695x463.jpg 695w\" sizes=\"auto, (max-width: 1024px) 100vw, 1024px\" \/><\/figure><\/li><\/ul>","protected":false},"excerpt":{"rendered":"<p>T\u1ea1i Traveledex, ch\u00fang t\u00f4i ngh\u0129 r\u1eb1ng vi\u1ec7c ti\u1ebfp c\u1eadn v\u00e0 cung c\u1ea5p d\u1ecbch v\u1ee5 cho t\u1ea5t c\u1ea3 h\u1ecdc sinh v\u00e0 ph\u1ee5 huynh m\u1ed9t c\u00e1ch chuy\u00ean nghi\u1ec7p l\u00e0 \u0111i\u1ec1u r\u1ea5t quan tr\u1ecdng. \u0110\u00f3 l\u00e0 l\u00fd do t\u1ea1i sao t\u1ea5t c\u1ea3 ch\u00fang t\u00f4i \u0111\u1ec1u \u0111\u01b0\u1ee3c \u0111\u00e0o t\u1ea1o chuy\u00ean nghi\u1ec7p v\u1ec1 gi\u00e1o d\u1ee5c<span class=\"more-link\"><a href=\"https:\/\/traveledex.com\/vi\/about-us\/our-professional-approach\/\">Read More &rarr;<\/a><\/span><\/p>\n","protected":false},"author":12,"featured_media":0,"parent":95,"menu_order":2,"comment_status":"closed","ping_status":"closed","template":"","meta":{"content-type":"","_monsterinsights_skip_tracking":false,"_monsterinsights_sitenote_active":false,"_monsterinsights_sitenote_note":"","_monsterinsights_sitenote_category":0,"footnotes":""},"class_list":["entry","author-adt3xl0g","post-483","page","type-page","status-publish"],"yoast_head":"<!-- This site is optimized with the Yoast SEO plugin v20.11 - https:\/\/yoast.com\/wordpress\/plugins\/seo\/ -->\n<title>Ch\u00ednh s\u00e1ch v\u1eadn h\u00e0nh chuy\u00ean nghi\u1ec7p - Traveledex<\/title>\n<meta name=\"robots\" content=\"index, follow, max-snippet:-1, max-image-preview:large, max-video-preview:-1\" \/>\n<link rel=\"canonical\" href=\"https:\/\/traveledex.com\/vi\/about-us\/our-professional-approach\/\" \/>\n<meta property=\"og:locale\" content=\"vi_VN\" \/>\n<meta property=\"og:type\" content=\"article\" \/>\n<meta property=\"og:title\" content=\"Ch\u00ednh s\u00e1ch v\u1eadn h\u00e0nh chuy\u00ean nghi\u1ec7p - Traveledex\" \/>\n<meta property=\"og:description\" content=\"T\u1ea1i Traveledex, ch\u00fang t\u00f4i ngh\u0129 r\u1eb1ng vi\u1ec7c ti\u1ebfp c\u1eadn v\u00e0 cung c\u1ea5p d\u1ecbch v\u1ee5 cho t\u1ea5t c\u1ea3 h\u1ecdc sinh v\u00e0 ph\u1ee5 huynh m\u1ed9t c\u00e1ch chuy\u00ean nghi\u1ec7p l\u00e0 \u0111i\u1ec1u r\u1ea5t quan tr\u1ecdng. \u0110\u00f3 l\u00e0 l\u00fd do t\u1ea1i sao t\u1ea5t c\u1ea3 ch\u00fang t\u00f4i \u0111\u1ec1u \u0111\u01b0\u1ee3c \u0111\u00e0o t\u1ea1o chuy\u00ean nghi\u1ec7p v\u1ec1 gi\u00e1o d\u1ee5cRead More &rarr;\" \/>\n<meta property=\"og:url\" content=\"https:\/\/traveledex.com\/vi\/about-us\/our-professional-approach\/\" \/>\n<meta property=\"og:site_name\" content=\"Traveledex\" \/>\n<meta property=\"article:publisher\" content=\"https:\/\/www.facebook.com\/traveledex\" \/>\n<meta property=\"article:modified_time\" content=\"2019-10-25T11:53:21+00:00\" \/>\n<meta property=\"og:image\" content=\"https:\/\/traveledex.com\/wp-content\/uploads\/2019\/10\/IMG_2144-1894-1024x683.jpg\" \/>\n<meta name=\"twitter:card\" content=\"summary_large_image\" \/>\n<meta name=\"twitter:label1\" content=\"Est. reading time\" \/>\n\t<meta name=\"twitter:data1\" content=\"1 minute\" \/>\n<script type=\"application\/ld+json\" class=\"yoast-schema-graph\">{\"@context\":\"https:\/\/schema.org\",\"@graph\":[{\"@type\":\"WebPage\",\"@id\":\"https:\/\/traveledex.com\/vi\/about-us\/our-professional-approach\/\",\"url\":\"https:\/\/traveledex.com\/vi\/about-us\/our-professional-approach\/\",\"name\":\"Ch\u00ednh s\u00e1ch v\u1eadn h\u00e0nh chuy\u00ean nghi\u1ec7p - Traveledex\",\"isPartOf\":{\"@id\":\"https:\/\/traveledex.com\/#website\"},\"datePublished\":\"2019-10-04T14:10:10+00:00\",\"dateModified\":\"2019-10-25T11:53:21+00:00\",\"breadcrumb\":{\"@id\":\"https:\/\/traveledex.com\/vi\/about-us\/our-professional-approach\/#breadcrumb\"},\"inLanguage\":\"vi-VN\",\"potentialAction\":[{\"@type\":\"ReadAction\",\"target\":[\"https:\/\/traveledex.com\/vi\/about-us\/our-professional-approach\/\"]}]},{\"@type\":\"BreadcrumbList\",\"@id\":\"https:\/\/traveledex.com\/vi\/about-us\/our-professional-approach\/#breadcrumb\",\"itemListElement\":[{\"@type\":\"ListItem\",\"position\":1,\"name\":\"Home\",\"item\":\"https:\/\/traveledex.com\/\"},{\"@type\":\"ListItem\",\"position\":2,\"name\":\"V\u1ec1 ch\u00fang t\u00f4i\",\"item\":\"https:\/\/traveledex.com\/vi\/about-us\/\"},{\"@type\":\"ListItem\",\"position\":3,\"name\":\"Ch\u00ednh s\u00e1ch v\u1eadn h\u00e0nh chuy\u00ean nghi\u1ec7p\"}]},{\"@type\":\"WebSite\",\"@id\":\"https:\/\/traveledex.com\/#website\",\"url\":\"https:\/\/traveledex.com\/\",\"name\":\"Traveledex\",\"description\":\"\",\"publisher\":{\"@id\":\"https:\/\/traveledex.com\/#organization\"},\"potentialAction\":[{\"@type\":\"SearchAction\",\"target\":{\"@type\":\"EntryPoint\",\"urlTemplate\":\"https:\/\/traveledex.com\/?s={search_term_string}\"},\"query-input\":\"required name=search_term_string\"}],\"inLanguage\":\"vi-VN\"},{\"@type\":\"Organization\",\"@id\":\"https:\/\/traveledex.com\/#organization\",\"name\":\"Traveledex\",\"url\":\"https:\/\/traveledex.com\/\",\"logo\":{\"@type\":\"ImageObject\",\"inLanguage\":\"vi-VN\",\"@id\":\"https:\/\/traveledex.com\/#\/schema\/logo\/image\/\",\"url\":\"https:\/\/traveledex.com\/wp-content\/uploads\/2021\/10\/cropped-TlogoTag-ai.jpg\",\"contentUrl\":\"https:\/\/traveledex.com\/wp-content\/uploads\/2021\/10\/cropped-TlogoTag-ai.jpg\",\"width\":870,\"height\":291,\"caption\":\"Traveledex\"},\"image\":{\"@id\":\"https:\/\/traveledex.com\/#\/schema\/logo\/image\/\"},\"sameAs\":[\"https:\/\/www.facebook.com\/traveledex\",\"https:\/\/www.instagram.com\/traveledex\/\"]}]}<\/script>\n<!-- \/ Yoast SEO plugin. -->","yoast_head_json":{"title":"Ch\u00ednh s\u00e1ch v\u1eadn h\u00e0nh chuy\u00ean nghi\u1ec7p - Traveledex","robots":{"index":"index","follow":"follow","max-snippet":"max-snippet:-1","max-image-preview":"max-image-preview:large","max-video-preview":"max-video-preview:-1"},"canonical":"https:\/\/traveledex.com\/vi\/about-us\/our-professional-approach\/","og_locale":"vi_VN","og_type":"article","og_title":"Ch\u00ednh s\u00e1ch v\u1eadn h\u00e0nh chuy\u00ean nghi\u1ec7p - Traveledex","og_description":"T\u1ea1i Traveledex, ch\u00fang t\u00f4i ngh\u0129 r\u1eb1ng vi\u1ec7c ti\u1ebfp c\u1eadn v\u00e0 cung c\u1ea5p d\u1ecbch v\u1ee5 cho t\u1ea5t c\u1ea3 h\u1ecdc sinh v\u00e0 ph\u1ee5 huynh m\u1ed9t c\u00e1ch chuy\u00ean nghi\u1ec7p l\u00e0 \u0111i\u1ec1u r\u1ea5t quan tr\u1ecdng. \u0110\u00f3 l\u00e0 l\u00fd do t\u1ea1i sao t\u1ea5t c\u1ea3 ch\u00fang t\u00f4i \u0111\u1ec1u \u0111\u01b0\u1ee3c \u0111\u00e0o t\u1ea1o chuy\u00ean nghi\u1ec7p v\u1ec1 gi\u00e1o d\u1ee5cRead More &rarr;","og_url":"https:\/\/traveledex.com\/vi\/about-us\/our-professional-approach\/","og_site_name":"Traveledex","article_publisher":"https:\/\/www.facebook.com\/traveledex","article_modified_time":"2019-10-25T11:53:21+00:00","og_image":[{"url":"https:\/\/traveledex.com\/wp-content\/uploads\/2019\/10\/IMG_2144-1894-1024x683.jpg"}],"twitter_card":"summary_large_image","twitter_misc":{"Est. reading time":"1 minute"},"schema":{"@context":"https:\/\/schema.org","@graph":[{"@type":"WebPage","@id":"https:\/\/traveledex.com\/vi\/about-us\/our-professional-approach\/","url":"https:\/\/traveledex.com\/vi\/about-us\/our-professional-approach\/","name":"Ch\u00ednh s\u00e1ch v\u1eadn h\u00e0nh chuy\u00ean nghi\u1ec7p - Traveledex","isPartOf":{"@id":"https:\/\/traveledex.com\/#website"},"datePublished":"2019-10-04T14:10:10+00:00","dateModified":"2019-10-25T11:53:21+00:00","breadcrumb":{"@id":"https:\/\/traveledex.com\/vi\/about-us\/our-professional-approach\/#breadcrumb"},"inLanguage":"vi-VN","potentialAction":[{"@type":"ReadAction","target":["https:\/\/traveledex.com\/vi\/about-us\/our-professional-approach\/"]}]},{"@type":"BreadcrumbList","@id":"https:\/\/traveledex.com\/vi\/about-us\/our-professional-approach\/#breadcrumb","itemListElement":[{"@type":"ListItem","position":1,"name":"Home","item":"https:\/\/traveledex.com\/"},{"@type":"ListItem","position":2,"name":"V\u1ec1 ch\u00fang t\u00f4i","item":"https:\/\/traveledex.com\/vi\/about-us\/"},{"@type":"ListItem","position":3,"name":"Ch\u00ednh s\u00e1ch v\u1eadn h\u00e0nh chuy\u00ean nghi\u1ec7p"}]},{"@type":"WebSite","@id":"https:\/\/traveledex.com\/#website","url":"https:\/\/traveledex.com\/","name":"Traveledex","description":"","publisher":{"@id":"https:\/\/traveledex.com\/#organization"},"potentialAction":[{"@type":"SearchAction","target":{"@type":"EntryPoint","urlTemplate":"https:\/\/traveledex.com\/?s={search_term_string}"},"query-input":"required name=search_term_string"}],"inLanguage":"vi-VN"},{"@type":"Organization","@id":"https:\/\/traveledex.com\/#organization","name":"Traveledex","url":"https:\/\/traveledex.com\/","logo":{"@type":"ImageObject","inLanguage":"vi-VN","@id":"https:\/\/traveledex.com\/#\/schema\/logo\/image\/","url":"https:\/\/traveledex.com\/wp-content\/uploads\/2021\/10\/cropped-TlogoTag-ai.jpg","contentUrl":"https:\/\/traveledex.com\/wp-content\/uploads\/2021\/10\/cropped-TlogoTag-ai.jpg","width":870,"height":291,"caption":"Traveledex"},"image":{"@id":"https:\/\/traveledex.com\/#\/schema\/logo\/image\/"},"sameAs":["https:\/\/www.facebook.com\/traveledex","https:\/\/www.instagram.com\/traveledex\/"]}]}},"jetpack_sharing_enabled":true,"_links":{"self":[{"href":"https:\/\/traveledex.com\/vi\/wp-json\/wp\/v2\/pages\/483","targetHints":{"allow":["GET"]}}],"collection":[{"href":"https:\/\/traveledex.com\/vi\/wp-json\/wp\/v2\/pages"}],"about":[{"href":"https:\/\/traveledex.com\/vi\/wp-json\/wp\/v2\/types\/page"}],"author":[{"embeddable":true,"href":"https:\/\/traveledex.com\/vi\/wp-json\/wp\/v2\/users\/12"}],"replies":[{"embeddable":true,"href":"https:\/\/traveledex.com\/vi\/wp-json\/wp\/v2\/comments?post=483"}],"version-history":[{"count":6,"href":"https:\/\/traveledex.com\/vi\/wp-json\/wp\/v2\/pages\/483\/revisions"}],"predecessor-version":[{"id":1416,"href":"https:\/\/traveledex.com\/vi\/wp-json\/wp\/v2\/pages\/483\/revisions\/1416"}],"up":[{"embeddable":true,"href":"https:\/\/traveledex.com\/vi\/wp-json\/wp\/v2\/pages\/95"}],"wp:attachment":[{"href":"https:\/\/traveledex.com\/vi\/wp-json\/wp\/v2\/media?parent=483"}],"curies":[{"name":"wp","href":"https:\/\/api.w.org\/{rel}","templated":true}]}}