{"id":184,"date":"2019-09-19T19:55:15","date_gmt":"2019-09-19T18:55:15","guid":{"rendered":"https:\/\/traveledex.com\/travel\/"},"modified":"2019-10-26T11:06:15","modified_gmt":"2019-10-26T10:06:15","slug":"travel","status":"publish","type":"page","link":"https:\/\/traveledex.com\/vi\/travel\/","title":{"rendered":"Du l\u1ecbch"},"content":{"rendered":"\n<p\/>\n\n<figure class=\"wp-block-image\"><img loading=\"lazy\" decoding=\"async\" width=\"1024\" height=\"683\" src=\"https:\/\/traveledex.com\/wp-content\/uploads\/2019\/09\/AdobeStock_73774363-1024x683.jpeg\" alt=\"\" class=\"wp-image-68\" srcset=\"https:\/\/traveledex.com\/wp-content\/uploads\/2019\/09\/AdobeStock_73774363-1024x683.jpeg 1024w, https:\/\/traveledex.com\/wp-content\/uploads\/2019\/09\/AdobeStock_73774363-600x400.jpeg 600w, https:\/\/traveledex.com\/wp-content\/uploads\/2019\/09\/AdobeStock_73774363-300x200.jpeg 300w, https:\/\/traveledex.com\/wp-content\/uploads\/2019\/09\/AdobeStock_73774363-768x512.jpeg 768w, https:\/\/traveledex.com\/wp-content\/uploads\/2019\/09\/AdobeStock_73774363-465x310.jpeg 465w, https:\/\/traveledex.com\/wp-content\/uploads\/2019\/09\/AdobeStock_73774363-695x463.jpeg 695w\" sizes=\"auto, (max-width: 1024px) 100vw, 1024px\" \/><\/figure>\n<p>T\u1ea1i Traveledex, ch\u00fang t\u00f4i bi\u1ebft r\u1eb1ng sinh vi\u00ean b\u1ecb thu h\u00fat b\u1edfi nhi\u1ec1u \u0111i\u1ec3m \u0111\u1ebfn v\u00e0 \u0111i\u1ec3m tham quan n\u1ed5i ti\u1ebfng \u1edf V\u01b0\u01a1ng qu\u1ed1c Anh.<\/p>\n\n<p>Tuy nhi\u00ean, c\u00f3 r\u1ea5t nhi\u1ec1u \u0111\u1ecba \u0111i\u1ec3m v\u0103n h\u00f3a v\u00e0 di s\u1ea3n tuy\u1ec7t v\u1eddi h\u01a1n \u0111\u1ec3 gh\u00e9 th\u0103m m\u00e0 nhi\u1ec1u sinh vi\u00ean qu\u1ed1c t\u1ebf hi\u1ebfm khi bi\u1ebft \u0111\u1ebfn. M\u1ee5c ti\u00eau c\u1ee7a ch\u00fang t\u00f4i l\u00e0 mang nh\u1eefng \u0111i\u1ec3m du l\u1ecbch \u0111\u1ed9c \u0111\u00e1o n\u00e0y \u0111\u1ebfn c\u00e1c sinh vi\u00ean qu\u1ed1c t\u1ebf \u0111\u1ec3 h\u1ecd c\u00f3 th\u1ec3 tr\u1ea3i nghi\u1ec7m \u0111\u1ea7y \u0111\u1ee7 n\u00e9t \u0111\u1eb9p c\u1ee7a V\u01b0\u01a1ng qu\u1ed1c Anh v\u00e0 n\u1ec1n v\u0103n h\u00f3a phong ph\u00fa c\u1ee7a \u0111\u1ea5t n\u01b0\u1edbc.<\/p>\n\n<p>H\u00e3y theo d\u00f5i trang C\u00e1c \u0110\u1ecba \u0110i\u1ec3m Du L\u1ecbch v\u00e0 Tham Quan c\u1ee7a ch\u00fang t\u00f4i \u0111\u1ec3 xem ch\u00fang ta s\u1ebd \u0111i \u0111\u00e2u ti\u1ebfp theo! C\u1ea7n m\u1ed9t ng\u01b0\u1eddi b\u1ea1n \u0111\u1ed3ng h\u00e0nh \u0111\u1ec3 \u0111i du l\u1ecbch? Di\u1ec5n \u0111\u00e0n c\u1ee7a ch\u00fang t\u00f4i c\u00f3 th\u1ec3 gi\u00fap b\u1ea1n t\u00ecm nh\u1eefng ng\u01b0\u1eddi b\u1ea1n m\u1edbi \u0111\u1ec3 c\u00f9ng nhau \u0111i kh\u00e1m ph\u00e1 c\u00e1c \u0111\u1ecba \u0111i\u1ec3m du l\u1ecbch th\u00fa v\u1ecb.<\/p>\n","protected":false},"excerpt":{"rendered":"<p>T\u1ea1i Traveledex, ch\u00fang t\u00f4i bi\u1ebft r\u1eb1ng sinh vi\u00ean b\u1ecb thu h\u00fat b\u1edfi nhi\u1ec1u \u0111i\u1ec3m \u0111\u1ebfn v\u00e0 \u0111i\u1ec3m tham quan n\u1ed5i ti\u1ebfng \u1edf V\u01b0\u01a1ng qu\u1ed1c Anh. Tuy nhi\u00ean, c\u00f3 r\u1ea5t nhi\u1ec1u \u0111\u1ecba \u0111i\u1ec3m v\u0103n h\u00f3a v\u00e0 di s\u1ea3n tuy\u1ec7t v\u1eddi h\u01a1n \u0111\u1ec3 gh\u00e9 th\u0103m m\u00e0 nhi\u1ec1u sinh vi\u00ean qu\u1ed1c t\u1ebf hi\u1ebfm<span class=\"more-link\"><a href=\"https:\/\/traveledex.com\/vi\/travel\/\">Read More &rarr;<\/a><\/span><\/p>\n","protected":false},"author":12,"featured_media":0,"parent":0,"menu_order":0,"comment_status":"closed","ping_status":"closed","template":"","meta":{"content-type":"","_monsterinsights_skip_tracking":false,"_monsterinsights_sitenote_active":false,"_monsterinsights_sitenote_note":"","_monsterinsights_sitenote_category":0,"footnotes":""},"class_list":["entry","author-adt3xl0g","post-184","page","type-page","status-publish"],"yoast_head":"<!-- This site is optimized with the Yoast SEO plugin v20.11 - https:\/\/yoast.com\/wordpress\/plugins\/seo\/ -->\n<title>Du l\u1ecbch - Traveledex<\/title>\n<meta name=\"robots\" content=\"index, follow, max-snippet:-1, max-image-preview:large, max-video-preview:-1\" \/>\n<link rel=\"canonical\" href=\"https:\/\/traveledex.com\/vi\/travel\/\" \/>\n<meta property=\"og:locale\" content=\"vi_VN\" \/>\n<meta property=\"og:type\" content=\"article\" \/>\n<meta property=\"og:title\" content=\"Du l\u1ecbch - Traveledex\" \/>\n<meta property=\"og:description\" content=\"T\u1ea1i Traveledex, ch\u00fang t\u00f4i bi\u1ebft r\u1eb1ng sinh vi\u00ean b\u1ecb thu h\u00fat b\u1edfi nhi\u1ec1u \u0111i\u1ec3m \u0111\u1ebfn v\u00e0 \u0111i\u1ec3m tham quan n\u1ed5i ti\u1ebfng \u1edf V\u01b0\u01a1ng qu\u1ed1c Anh. Tuy nhi\u00ean, c\u00f3 r\u1ea5t nhi\u1ec1u \u0111\u1ecba \u0111i\u1ec3m v\u0103n h\u00f3a v\u00e0 di s\u1ea3n tuy\u1ec7t v\u1eddi h\u01a1n \u0111\u1ec3 gh\u00e9 th\u0103m m\u00e0 nhi\u1ec1u sinh vi\u00ean qu\u1ed1c t\u1ebf hi\u1ebfmRead More &rarr;\" \/>\n<meta property=\"og:url\" content=\"https:\/\/traveledex.com\/vi\/travel\/\" \/>\n<meta property=\"og:site_name\" content=\"Traveledex\" \/>\n<meta property=\"article:publisher\" content=\"https:\/\/www.facebook.com\/traveledex\" \/>\n<meta property=\"article:modified_time\" content=\"2019-10-26T10:06:15+00:00\" \/>\n<meta property=\"og:image\" content=\"https:\/\/traveledex.com\/wp-content\/uploads\/2019\/09\/AdobeStock_73774363-1024x683.jpeg\" \/>\n<meta name=\"twitter:card\" content=\"summary_large_image\" \/>\n<meta name=\"twitter:label1\" content=\"Est. reading time\" \/>\n\t<meta name=\"twitter:data1\" content=\"1 minute\" \/>\n<script type=\"application\/ld+json\" class=\"yoast-schema-graph\">{\"@context\":\"https:\/\/schema.org\",\"@graph\":[{\"@type\":\"WebPage\",\"@id\":\"https:\/\/traveledex.com\/vi\/travel\/\",\"url\":\"https:\/\/traveledex.com\/vi\/travel\/\",\"name\":\"Du l\u1ecbch - Traveledex\",\"isPartOf\":{\"@id\":\"https:\/\/traveledex.com\/#website\"},\"datePublished\":\"2019-09-19T18:55:15+00:00\",\"dateModified\":\"2019-10-26T10:06:15+00:00\",\"breadcrumb\":{\"@id\":\"https:\/\/traveledex.com\/vi\/travel\/#breadcrumb\"},\"inLanguage\":\"vi-VN\",\"potentialAction\":[{\"@type\":\"ReadAction\",\"target\":[\"https:\/\/traveledex.com\/vi\/travel\/\"]}]},{\"@type\":\"BreadcrumbList\",\"@id\":\"https:\/\/traveledex.com\/vi\/travel\/#breadcrumb\",\"itemListElement\":[{\"@type\":\"ListItem\",\"position\":1,\"name\":\"Home\",\"item\":\"https:\/\/traveledex.com\/\"},{\"@type\":\"ListItem\",\"position\":2,\"name\":\"Du l\u1ecbch\"}]},{\"@type\":\"WebSite\",\"@id\":\"https:\/\/traveledex.com\/#website\",\"url\":\"https:\/\/traveledex.com\/\",\"name\":\"Traveledex\",\"description\":\"\",\"publisher\":{\"@id\":\"https:\/\/traveledex.com\/#organization\"},\"potentialAction\":[{\"@type\":\"SearchAction\",\"target\":{\"@type\":\"EntryPoint\",\"urlTemplate\":\"https:\/\/traveledex.com\/?s={search_term_string}\"},\"query-input\":\"required name=search_term_string\"}],\"inLanguage\":\"vi-VN\"},{\"@type\":\"Organization\",\"@id\":\"https:\/\/traveledex.com\/#organization\",\"name\":\"Traveledex\",\"url\":\"https:\/\/traveledex.com\/\",\"logo\":{\"@type\":\"ImageObject\",\"inLanguage\":\"vi-VN\",\"@id\":\"https:\/\/traveledex.com\/#\/schema\/logo\/image\/\",\"url\":\"https:\/\/traveledex.com\/wp-content\/uploads\/2021\/10\/cropped-TlogoTag-ai.jpg\",\"contentUrl\":\"https:\/\/traveledex.com\/wp-content\/uploads\/2021\/10\/cropped-TlogoTag-ai.jpg\",\"width\":870,\"height\":291,\"caption\":\"Traveledex\"},\"image\":{\"@id\":\"https:\/\/traveledex.com\/#\/schema\/logo\/image\/\"},\"sameAs\":[\"https:\/\/www.facebook.com\/traveledex\",\"https:\/\/www.instagram.com\/traveledex\/\"]}]}<\/script>\n<!-- \/ Yoast SEO plugin. -->","yoast_head_json":{"title":"Du l\u1ecbch - Traveledex","robots":{"index":"index","follow":"follow","max-snippet":"max-snippet:-1","max-image-preview":"max-image-preview:large","max-video-preview":"max-video-preview:-1"},"canonical":"https:\/\/traveledex.com\/vi\/travel\/","og_locale":"vi_VN","og_type":"article","og_title":"Du l\u1ecbch - Traveledex","og_description":"T\u1ea1i Traveledex, ch\u00fang t\u00f4i bi\u1ebft r\u1eb1ng sinh vi\u00ean b\u1ecb thu h\u00fat b\u1edfi nhi\u1ec1u \u0111i\u1ec3m \u0111\u1ebfn v\u00e0 \u0111i\u1ec3m tham quan n\u1ed5i ti\u1ebfng \u1edf V\u01b0\u01a1ng qu\u1ed1c Anh. Tuy nhi\u00ean, c\u00f3 r\u1ea5t nhi\u1ec1u \u0111\u1ecba \u0111i\u1ec3m v\u0103n h\u00f3a v\u00e0 di s\u1ea3n tuy\u1ec7t v\u1eddi h\u01a1n \u0111\u1ec3 gh\u00e9 th\u0103m m\u00e0 nhi\u1ec1u sinh vi\u00ean qu\u1ed1c t\u1ebf hi\u1ebfmRead More &rarr;","og_url":"https:\/\/traveledex.com\/vi\/travel\/","og_site_name":"Traveledex","article_publisher":"https:\/\/www.facebook.com\/traveledex","article_modified_time":"2019-10-26T10:06:15+00:00","og_image":[{"url":"https:\/\/traveledex.com\/wp-content\/uploads\/2019\/09\/AdobeStock_73774363-1024x683.jpeg"}],"twitter_card":"summary_large_image","twitter_misc":{"Est. reading time":"1 minute"},"schema":{"@context":"https:\/\/schema.org","@graph":[{"@type":"WebPage","@id":"https:\/\/traveledex.com\/vi\/travel\/","url":"https:\/\/traveledex.com\/vi\/travel\/","name":"Du l\u1ecbch - Traveledex","isPartOf":{"@id":"https:\/\/traveledex.com\/#website"},"datePublished":"2019-09-19T18:55:15+00:00","dateModified":"2019-10-26T10:06:15+00:00","breadcrumb":{"@id":"https:\/\/traveledex.com\/vi\/travel\/#breadcrumb"},"inLanguage":"vi-VN","potentialAction":[{"@type":"ReadAction","target":["https:\/\/traveledex.com\/vi\/travel\/"]}]},{"@type":"BreadcrumbList","@id":"https:\/\/traveledex.com\/vi\/travel\/#breadcrumb","itemListElement":[{"@type":"ListItem","position":1,"name":"Home","item":"https:\/\/traveledex.com\/"},{"@type":"ListItem","position":2,"name":"Du l\u1ecbch"}]},{"@type":"WebSite","@id":"https:\/\/traveledex.com\/#website","url":"https:\/\/traveledex.com\/","name":"Traveledex","description":"","publisher":{"@id":"https:\/\/traveledex.com\/#organization"},"potentialAction":[{"@type":"SearchAction","target":{"@type":"EntryPoint","urlTemplate":"https:\/\/traveledex.com\/?s={search_term_string}"},"query-input":"required name=search_term_string"}],"inLanguage":"vi-VN"},{"@type":"Organization","@id":"https:\/\/traveledex.com\/#organization","name":"Traveledex","url":"https:\/\/traveledex.com\/","logo":{"@type":"ImageObject","inLanguage":"vi-VN","@id":"https:\/\/traveledex.com\/#\/schema\/logo\/image\/","url":"https:\/\/traveledex.com\/wp-content\/uploads\/2021\/10\/cropped-TlogoTag-ai.jpg","contentUrl":"https:\/\/traveledex.com\/wp-content\/uploads\/2021\/10\/cropped-TlogoTag-ai.jpg","width":870,"height":291,"caption":"Traveledex"},"image":{"@id":"https:\/\/traveledex.com\/#\/schema\/logo\/image\/"},"sameAs":["https:\/\/www.facebook.com\/traveledex","https:\/\/www.instagram.com\/traveledex\/"]}]}},"jetpack_sharing_enabled":true,"_links":{"self":[{"href":"https:\/\/traveledex.com\/vi\/wp-json\/wp\/v2\/pages\/184","targetHints":{"allow":["GET"]}}],"collection":[{"href":"https:\/\/traveledex.com\/vi\/wp-json\/wp\/v2\/pages"}],"about":[{"href":"https:\/\/traveledex.com\/vi\/wp-json\/wp\/v2\/types\/page"}],"author":[{"embeddable":true,"href":"https:\/\/traveledex.com\/vi\/wp-json\/wp\/v2\/users\/12"}],"replies":[{"embeddable":true,"href":"https:\/\/traveledex.com\/vi\/wp-json\/wp\/v2\/comments?post=184"}],"version-history":[{"count":2,"href":"https:\/\/traveledex.com\/vi\/wp-json\/wp\/v2\/pages\/184\/revisions"}],"predecessor-version":[{"id":1440,"href":"https:\/\/traveledex.com\/vi\/wp-json\/wp\/v2\/pages\/184\/revisions\/1440"}],"wp:attachment":[{"href":"https:\/\/traveledex.com\/vi\/wp-json\/wp\/v2\/media?parent=184"}],"curies":[{"name":"wp","href":"https:\/\/api.w.org\/{rel}","templated":true}]}}